{"id":3,"date":"2019-10-14T13:06:29","date_gmt":"2019-10-14T11:06:29","guid":{"rendered":"http:\/\/www.gpprogetti.com\/?page_id=3"},"modified":"2022-11-30T12:35:02","modified_gmt":"2022-11-30T11:35:02","slug":"privacy-policy","status":"publish","type":"page","link":"https:\/\/www.gpprogetti.com\/en\/privacy-policy\/","title":{"rendered":"Privacy Policy"},"content":{"rendered":"<p><strong>INFORMATIVA PER GLI UTENTI DEL SITO WWW.GPPROGETTI.COM<\/strong><\/p>\n<p style=\"text-align: justify;\"><strong>1. CHI TRATTA I SUOI DATI?\u00a0<\/strong><\/p>\n<p><strong>Titolare del Trattamento <\/strong><br \/>\nGP Progetti S.r.l. con sede legale in Sarezzo (BS), Via Paolo VI, 19, rispondente al seguente indirizzo e-mail:\u00a0<a href=\"mailto:privacy@gpprogetti.it\">privacy@gpprogetti.it<\/a><\/p>\n<p><strong>Altri soggetti a cui possono essere comunicati i Suoi dati<br \/>\n<\/strong>I Suoi dati potranno essere condivisi con:<\/p>\n<ol>\n<li>persone autorizzate dal Titolare al trattamento di dati personali che si sono impegnate alla riservatezza o abbiano un adeguato obbligo legale di riservatezza;<\/li>\n<\/ol>\n<ol start=\"2\">\n<li>soggetti delegati e\/o incaricati dal Titolare di svolgere attivit\u00e0 strettamente correlate al perseguimento delle finalit\u00e0 sotto indicate (inclusi interventi di manutenzione tecnica sui sistemi), giustamente nominati responsabili del trattamento;<\/li>\n<\/ol>\n<ol start=\"3\">\n<li>persone, societ\u00e0 o studi professionali che prestano attivit\u00e0 di assistenza e consulenza al Titolare, giustamente nominati responsabili del trattamento;<\/li>\n<\/ol>\n<ol start=\"4\">\n<li>soggetti, enti od autorit\u00e0 a cui la comunicazione dei suoi dati personali sia obbligatoria in forza di disposizioni di legge o di ordini delle autorit\u00e0 competenti.<\/li>\n<\/ol>\n<p>I Suoi dati personali potranno essere trasferiti al di fuori dello Spazio Economico Europeo solo in presenza dei requisiti di cui agli artt. 44 e s.s. del RGPD.<\/p>\n<p>&nbsp;<\/p>\n<p style=\"text-align: justify;\"><strong>2. QUALI TIPI DI DATI RACCOGLIAMO?<\/strong><\/p>\n<p><strong>Dati forniti volontariamente dall&#8217;utente<\/strong><br \/>\nIl Sito offre agli utenti la possibilit\u00e0 di fornire volontariamente informazioni personali attraverso, per esempio, la compilazione del form presente alla sezione \u201cContatti\u201d, la compilazione del form presente alla sezione \u201cRivenditori\u201d, l\u2019accesso all\u2019Area Clienti finalizzato ad ottenere assistenza relativamente ai prodotti acquistati, l\u2019iscrizione alla newsletter, o per finalit\u00e0 di reclutamento diretto all\u2019instaurazione di un rapporto di lavoro o di collaborazione con GP PROGETTI\u00a0 (vedasi <strong><a href=\"\/informativa-privacy-candidati\/\" rel=\"noopener noreferrer\">Informativa candidati<\/a><\/strong>).<\/p>\n<p><strong>Dati di terzi<br \/>\n<\/strong>Qualora Lei decidesse di fornirci dati di terzi La preghiamo di assicurarsi che questi soggetti siano stati preventivamente e adeguatamente informati sulle modalit\u00e0 e le finalit\u00e0 di trattamento qui indicate. In relazione a tale ipotesi, Lei si pone come autonomo titolare del trattamento, assumendosi tutti gli obblighi e le responsabilit\u00e0 di legge.<\/p>\n<p><strong>Dati di minori di anni 16<br \/>\n<\/strong>A tal riguardo Le ricordiamo che se ha meno di 16 anni non pu\u00f2 fornirci alcun dato personale, e, in ogni caso, non ci assumiamo alcuna responsabilit\u00e0 per eventuali dichiarazioni mendaci da Lei fornite. Qualora ci accorgessimo dell\u2019esistenza di dichiarazioni non veritiere, procederemo con la cancellazione immediata di ogni dato personale acquisito.<\/p>\n<p><strong>Dati di navigazione<br \/>\n<\/strong>Raccogliamo i seguenti dati mediante i servizi che Lei utilizza:<\/p>\n<ul>\n<li>dati tecnici: in questa categoria di dati rientrano gli indirizzi IP o i nomi a dominio dei computer utilizzati dagli utenti che si connettono al Sito, gli indirizzi in notazione URI (Uniform Resource Identifier) delle risorse richieste, l&#8217;orario della richiesta, il metodo utilizzato nel sottoporre la richiesta al server, la dimensione del file ottenuto in risposta, il codice numerico indicante lo stato della risposta data dal server (buon fine, errore, ecc.) ed altri parametri relativi al sistema operativo ed all&#8217;ambiente informatico dell&#8217;utente. Questi dati vengono utilizzati solo per informazioni di tipo statistico (quindi sono anonimi), per controllare il corretto funzionamento del sito e vengono cancellati subito dopo l\u2019elaborazione. I dati potrebbero essere utilizzati per l&#8217;accertamento di responsabilit\u00e0 in caso di ipotetici reati informatici ai danni del sito. Salva questa eventualit\u00e0, i dati sui contatti web non persistono per pi\u00f9 di 7 giorni.<\/li>\n<li>dati raccolti utilizzando i cookie o tecnologie similari: per ulteriori informazioni, La invitiamo a visitare la sezione \u201c<strong><a href=\"\/cookie-policy\/\">Cookie<\/a><\/strong>\u201d.<\/li>\n<\/ul>\n<p>&nbsp;<\/p>\n<p style=\"text-align: justify;\"><strong>3. PER QUALI FINALIT\u00c0 TRATTIAMO I SUOI DATI?<\/strong><\/p>\n<p>I dati personali che Lei fornisce attraverso il Sito saranno trattati per il perseguimento delle seguenti finalit\u00e0.<\/p>\n<p><strong>3.1 Riscontro a comunicazioni e richieste, adempimento agli obblighi di legge e difesa dei diritti<\/strong><\/p>\n<p><strong>\u00a0<\/strong>In particolare, i Suoi dati personali saranno trattati per:<\/p>\n<ol>\n<li>dare riscontro alle richieste da Lei avanzate mediante la sezione \u201cContatti\u201d;<\/li>\n<li>dare riscontro alle richieste di assistenza da Lei inoltrate mediante la sezione \u201cArea Clienti\u201d;<\/li>\n<li>dare riscontro alle richieste da Lei avanzate mediante la sezione \u201cRivenditori\u201d;<\/li>\n<li>dare riscontro alla candidatura da Lei avanzata mediante la sezione \u201cJob Opportunities\u201d;<\/li>\n<li>garantire il rispetto degli obblighi di legge, regolamenti e norme comunitarie;<\/li>\n<li>accertare, esercitare o difendere un diritto in sede giudiziaria o ogniqualvolta le autorit\u00e0 giurisdizionali esercitino le loro funzioni giurisdizionali.<\/li>\n<\/ol>\n<p><strong>3.2 Attivit\u00e0 di marketing diretto <\/strong><\/p>\n<p>I Suoi dati personali, previo Suo consenso libero e specifico, saranno trattati per aggiornarla sulle iniziative promozionali, commerciali e pubblicitarie, su eventi, iniziative o partnership di GP PROGETTI, in conformit\u00e0 con quanto previsto dal provvedimento dell\u2019Autorit\u00e0 Garante per la protezione dei dati personali <em>\u201cLinee guida in materia di attivit\u00e0 promozionale e contrasto allo spam \u2013 4 luglio 2013 [2542348]\u201d<\/em>.<\/p>\n<p>La informiamo che tali attivit\u00e0 si potranno esercitare, come previsto dalla vigente disciplina, per mezzo di posta cartacea, contatti telefonici tramite operatore (\u201cmodalit\u00e0 tradizionali\u201d), e-mail, invio di sms, notifiche push ed utilizzo dei social network (\u201cmodalit\u00e0 automatizzate\u201d).<\/p>\n<p style=\"text-align: justify;\">Inoltre, tratteremo i Suoi dati per svolgere attivit\u00e0 di analisi e di reportistica connessa ai sistemi di comunicazione promozionale, come ad esempio, il rilevamento del numero delle e-mail aperte, dei click effettuati sui link presenti all\u2019interno della comunicazione, la tipologia del dispositivo utilizzato per leggere la comunicazione, il relativo sistema operativo o l\u2019elenco dei disiscritti alla newsletter.<\/p>\n<p>In mancanza di un Suo specifico consenso per tale finalit\u00e0, non potremo trattare i Suoi dati personali per finalit\u00e0 di marketing diretto e non potremo quindi informarla dei nuovi prodotti e\/o delle promozioni in corso.<\/p>\n<p>&nbsp;<\/p>\n<p style=\"text-align: justify;\"><strong>4.\u00a0QUALI SONO LE BASI LEGALI DEL TRATTAMENTO?<\/strong><\/p>\n<p>Con riferimento alle finalit\u00e0 di cui al <strong>punto 3.1<\/strong>, <strong>lett.<\/strong> <strong>a)<\/strong> <strong>b) c) <\/strong>e <strong>d)<\/strong>, la base giuridica del trattamento dei Suoi dati personali \u00e8 rappresentata dell\u2019art. 6, comma 1, lett. b) del RGPD \u201c<em>esecuzione di un contratto di cui l\u2019interessato \u00e8 parte o esecuzione di misure precontrattuali adottate su richiesta dello stesso<\/em>\u201d. Tale attivit\u00e0 non necessita del Suo consenso.<\/p>\n<p>Con riferimento alla finalit\u00e0 di cui al <strong>punto 3.1<\/strong>, <strong>lett.<\/strong> <strong>e)<\/strong>, il trattamento \u00e8 necessario per adempiere ad un obbligo di legge a cui il Titolare \u00e8 soggetto ai sensi dell\u2019art. 6, comma 1, lett. c) del RGPD.<\/p>\n<p>Con riferimento alla finalit\u00e0 di cui al <strong>punto 3.1<\/strong>, <strong>lett.<\/strong> <strong>f)<\/strong>, il trattamento \u00e8 basato su un legittimo interesse del Titolare ai sensi dell\u2019art. 6, comma 1, lett. f) del RGPD.<\/p>\n<p>Con riferimento alla finalit\u00e0 di cui ai <strong>punti 3.2 e 3.3<\/strong>, la base legale del trattamento dei suoi dati personali \u00e8 rappresentata dal conferimento del Suo consenso ai sensi dell\u2019art. 6, comma 1, lett. a) del RGPD. In assenza di tale consenso, Lei potr\u00e0 usufruire degli altri servizi richiesti ma il Titolare non potr\u00e0 inviarle comunicazioni promozionali e\/o procedere ad attivit\u00e0 di profilazione.<\/p>\n<p style=\"text-align: justify;\">La informiamo che in ogni momento potr\u00e0 decidere di revocare il consenso precedentemente rilasciato per le finalit\u00e0 di marketing e\/o profilazione comunicandolo al Titolare senza alcuna formalit\u00e0 scrivendo a\u00a0<a href=\"mailto:privacy@gpprogetti.it\">privacy@gpprogetti.it<\/a><\/p>\n<p style=\"text-align: justify;\">\u00a0<\/p>\n<p style=\"text-align: justify;\"><strong>5. PER QUANTO TEMPO CONSERVIAMO I SUOI DATI?<\/strong><\/p>\n<p>La conservazione dei dati personali avverr\u00e0 in forma cartacea e\/o elettronica e per il tempo strettamente necessario al perseguimento della finalit\u00e0 di cui ai punti 3.1, 3.2 e 3.3.<\/p>\n<p>Con riferimento al trattamento effettuato per le finalit\u00e0 di cui al <strong>punto<\/strong> <strong>3.1<\/strong>, <strong>lett. a), b) <\/strong>e <strong>c)<\/strong>, La informiamo che i dati inviato tramite i form \u201cContatti\u201d, \u201cArea Clienti\u201d e \u201cRivenditori\u201d, saranno conservati per un periodo non superiore a <strong>24 mesi<\/strong>.<\/p>\n<p>Con riferimento al trattamento effettuato per le finalit\u00e0 di cui al <strong>punto<\/strong> <strong>3.1<\/strong>, <strong>lett. d)<\/strong>, La informiamo che i dati personali contenuti nel suo <em>curriculum vitae<\/em> saranno conservati in conformit\u00e0 a quanto previsto nell\u2019\u00a0<strong><a href=\"\/informativa-privacy-candidati\/\">Informativa candidati<\/a>.<\/strong><u><\/u><\/p>\n<p>Con riferimento al trattamento effettuato per le finalit\u00e0 di cui al <strong>punto<\/strong> <strong>3.1<\/strong>, <strong>lett. e)<\/strong>, La informiamo che i Suoi dati verranno trattati per il periodo strettamente necessario a consentire al Titolare di adempiere agli obblighi di legge a cui lo stesso \u00e8 soggetto.<\/p>\n<p>Con riferimento al trattamento effettuato per le finalit\u00e0 di cui al <strong>punto<\/strong> <strong>3.1<\/strong>, <strong>lett. f)<\/strong>, La informiamo che i Suoi dati verranno trattati per il periodo strettamente necessario a consentire al Titolare di accertare, esercitare o difendere un diritto in sede giudiziaria o ogniqualvolta le autorit\u00e0 giurisdizionali esercitino le loro funzioni giurisdizionali.<\/p>\n<p>Con riferimento al trattamento effettuato per le finalit\u00e0 di cui ai punti <strong>3.2 <\/strong>e <strong>3.3<\/strong>, La informiamo che i Suoi dati verranno conservati fino al momento della revoca del suo consenso<strong>. <\/strong>\u00c8 fatta salva in ogni caso la possibilit\u00e0 per GP PROGETTI di conservare i suoi Dati Personali per il periodo di tempo previsto e ammesso dalla legge Italiana a tutela dei propri interessi.<\/p>\n<p>&nbsp;<\/p>\n<p><strong>6. PER QUANTO TEMPO CONSERVIAMO I SUOI DATI?<\/strong><\/p>\n<p><strong>Revoca del Consenso <\/strong><\/p>\n<p>Per revocare il consenso prestato per finalit\u00e0 di marketing e\/o di profilazione diretto potr\u00e0 contattare in qualsiasi momento il Titolare scrivendo a\u00a0<a href=\"mailto:privacy@gpprogetti.it\">privacy@gpprogetti.it<\/a>.<\/p>\n<p><strong>Esercizio dei Suoi diritti<br \/>\n<\/strong>Coerentemente con quanto previsto dal RGPD, Lei ha il diritto di chiedere al Titolare, in qualunque momento, l\u2019accesso ai Suoi dati personali, la rettifica o la cancellazione degli stessi o di opporsi al loro trattamento. La legge Le consente, altres\u00ec, di esercitare il diritto di richiedere la limitazione del trattamento nei casi previsti dall\u2019art. 18 del RGDP, nonch\u00e9 di ottenere in un formato strutturato, di uso comune e leggibile da dispositivo automatico i dati che la riguardano, nei casi previsti dall\u2019art. 20 del RGDP.<\/p>\n<p>Le richieste possono essere rivolte all\u2019indirizzo di posta elettronica\u00a0<a href=\"mailto:privacy@gpprogetti.it\">privacy@gpprogetti.it.<\/a><\/p>\n<p>Da ultimo, Le ricordiamo che ha sempre diritto di proporre reclamo all\u2019autorit\u00e0 di controllo competente (Garante per la Protezione dei Dati Personali), ai sensi dell\u2019art. 77 del RGDP, qualora ritenga che il trattamento dei Suoi dati personali sia contrario alla normativa in vigore.<\/p>\n<p>&nbsp;<\/p>\n<p><strong>7. COME GARANTIAMO LA PROTEZIONE DEI SUOI DATI?<\/strong><\/p>\n<p>I Suoi dati personali sono trattati dai soggetti di cui al\u00a0<strong>punto<\/strong><strong> 1<\/strong>, in conformit\u00e0 con quanto previsto dalla normativa vigente. In particolare, per garantire la sicurezza dei Suoi dati tenendo conto dello stato dell\u2019arte e dei costi di attuazione, nonch\u00e9 della natura, dell\u2019oggetto, del contesto e delle finalit\u00e0 del trattamento, come anche del rischio di varia probabilit\u00e0 e gravit\u00e0 per i diritti e le libert\u00e0 delle persone fisiche, abbiamo adottato misure tecniche e organizzative adeguate per garantire un livello di sicurezza adeguato al rischio.<\/p>\n<p>&nbsp;<\/p>\n<p><strong>8. QUANDO \u00c8 STATA AGGIORNATA QUESTA INFORMATIVA?<\/strong><\/p>\n<p>La presente informativa \u00e8 stata pubblicata nel settembre 2019 e potr\u00e0 subire modifiche nel tempo anche connesse all&#8217;eventuale entrata in vigore di nuove normative di settore, all&#8217;aggiornamento o erogazione di nuovi servizi ovvero ad intervenute innovazioni tecnologiche. GP PROGETTI La informer\u00e0 di tali variazioni non appena verranno introdotte ed esse saranno vincolanti non appena pubblicate sul Sito. GP PROGETTI la invita, quindi, a visitare con regolarit\u00e0 questa sezione per prendere cognizione della pi\u00f9 recente ed aggiornata versione della Privacy Policy in modo da essere sempre aggiornato sui dati raccolti e sull\u2019uso che ne fa il Titolare.<\/p>\n","protected":false},"excerpt":{"rendered":"<p>INFORMATIVA PER GLI UTENTI DEL SITO WWW.GPPROGETTI.COM 1. CHI TRATTA I SUOI DATI?\u00a0 Titolare del Trattamento GP Progetti S.r.l. con sede legale in Sarezzo (BS), Via Paolo VI, 19, rispondente al seguente indirizzo e-mail:\u00a0privacy@gpprogetti.it Altri soggetti a cui possono essere comunicati i Suoi dati I Suoi dati potranno essere condivisi con: persone autorizzate dal Titolare &hellip; <a href=\"https:\/\/www.gpprogetti.com\/en\/privacy-policy\/\">Continued<\/a><\/p>\n","protected":false},"author":1,"featured_media":0,"parent":0,"menu_order":42,"comment_status":"closed","ping_status":"open","template":"template-policy.php","meta":{"_acf_changed":false,"footnotes":""},"class_list":["post-3","page","type-page","status-publish","hentry"],"yoast_head":"<!-- This site is optimized with the Yoast SEO plugin v27.1.1 - https:\/\/yoast.com\/product\/yoast-seo-wordpress\/ -->\n<title>Privacy Policy | GP Progetti<\/title>\n<meta name=\"description\" content=\"Discover the page &quot;Privacy Policy&quot; from our website specialized in management software for companies and industries.\" \/>\n<meta name=\"robots\" content=\"noindex, nofollow\" \/>\n<meta property=\"og:locale\" content=\"en_US\" \/>\n<meta property=\"og:type\" content=\"article\" \/>\n<meta property=\"og:title\" content=\"Privacy Policy | GP Progetti\" \/>\n<meta property=\"og:description\" content=\"Discover the page &quot;Privacy Policy&quot; from our website specialized in management software for companies and industries.\" \/>\n<meta property=\"og:url\" content=\"https:\/\/www.gpprogetti.com\/en\/privacy-policy\/\" \/>\n<meta property=\"og:site_name\" content=\"GP Progetti en\" \/>\n<meta property=\"article:modified_time\" content=\"2022-11-30T11:35:02+00:00\" \/>\n<meta name=\"twitter:card\" content=\"summary_large_image\" \/>\n<meta name=\"twitter:label1\" content=\"Est. reading time\" \/>\n\t<meta name=\"twitter:data1\" content=\"9 minutes\" \/>\n<script type=\"application\/ld+json\" class=\"yoast-schema-graph\">{\"@context\":\"https:\/\/schema.org\",\"@graph\":[{\"@type\":\"WebPage\",\"@id\":\"https:\/\/www.gpprogetti.com\/en\/privacy-policy\/\",\"url\":\"https:\/\/www.gpprogetti.com\/en\/privacy-policy\/\",\"name\":\"Privacy Policy | GP Progetti\",\"isPartOf\":{\"@id\":\"https:\/\/www.gpprogetti.com\/en\/#website\"},\"datePublished\":\"2019-10-14T11:06:29+00:00\",\"dateModified\":\"2022-11-30T11:35:02+00:00\",\"description\":\"Discover the page \\\"Privacy Policy\\\" from our website specialized in management software for companies and industries.\",\"breadcrumb\":{\"@id\":\"https:\/\/www.gpprogetti.com\/en\/privacy-policy\/#breadcrumb\"},\"inLanguage\":\"en-US\",\"potentialAction\":[{\"@type\":\"ReadAction\",\"target\":[\"https:\/\/www.gpprogetti.com\/en\/privacy-policy\/\"]}]},{\"@type\":\"BreadcrumbList\",\"@id\":\"https:\/\/www.gpprogetti.com\/en\/privacy-policy\/#breadcrumb\",\"itemListElement\":[{\"@type\":\"ListItem\",\"position\":1,\"name\":\"Home\",\"item\":\"https:\/\/www.gpprogetti.com\/en\/\"},{\"@type\":\"ListItem\",\"position\":2,\"name\":\"Privacy Policy\"}]},{\"@type\":\"WebSite\",\"@id\":\"https:\/\/www.gpprogetti.com\/en\/#website\",\"url\":\"https:\/\/www.gpprogetti.com\/en\/\",\"name\":\"GP Progetti en\",\"description\":\"Un nuovo sito targato WordPress\",\"potentialAction\":[{\"@type\":\"SearchAction\",\"target\":{\"@type\":\"EntryPoint\",\"urlTemplate\":\"https:\/\/www.gpprogetti.com\/en\/?s={search_term_string}\"},\"query-input\":{\"@type\":\"PropertyValueSpecification\",\"valueRequired\":true,\"valueName\":\"search_term_string\"}}],\"inLanguage\":\"en-US\"}]}<\/script>\n<!-- \/ Yoast SEO plugin. -->","yoast_head_json":{"title":"Privacy Policy | GP Progetti","description":"Discover the page \"Privacy Policy\" from our website specialized in management software for companies and industries.","robots":{"index":"noindex","follow":"nofollow"},"og_locale":"en_US","og_type":"article","og_title":"Privacy Policy | GP Progetti","og_description":"Discover the page \"Privacy Policy\" from our website specialized in management software for companies and industries.","og_url":"https:\/\/www.gpprogetti.com\/en\/privacy-policy\/","og_site_name":"GP Progetti en","article_modified_time":"2022-11-30T11:35:02+00:00","twitter_card":"summary_large_image","twitter_misc":{"Est. reading time":"9 minutes"},"schema":{"@context":"https:\/\/schema.org","@graph":[{"@type":"WebPage","@id":"https:\/\/www.gpprogetti.com\/en\/privacy-policy\/","url":"https:\/\/www.gpprogetti.com\/en\/privacy-policy\/","name":"Privacy Policy | GP Progetti","isPartOf":{"@id":"https:\/\/www.gpprogetti.com\/en\/#website"},"datePublished":"2019-10-14T11:06:29+00:00","dateModified":"2022-11-30T11:35:02+00:00","description":"Discover the page \"Privacy Policy\" from our website specialized in management software for companies and industries.","breadcrumb":{"@id":"https:\/\/www.gpprogetti.com\/en\/privacy-policy\/#breadcrumb"},"inLanguage":"en-US","potentialAction":[{"@type":"ReadAction","target":["https:\/\/www.gpprogetti.com\/en\/privacy-policy\/"]}]},{"@type":"BreadcrumbList","@id":"https:\/\/www.gpprogetti.com\/en\/privacy-policy\/#breadcrumb","itemListElement":[{"@type":"ListItem","position":1,"name":"Home","item":"https:\/\/www.gpprogetti.com\/en\/"},{"@type":"ListItem","position":2,"name":"Privacy Policy"}]},{"@type":"WebSite","@id":"https:\/\/www.gpprogetti.com\/en\/#website","url":"https:\/\/www.gpprogetti.com\/en\/","name":"GP Progetti en","description":"Un nuovo sito targato WordPress","potentialAction":[{"@type":"SearchAction","target":{"@type":"EntryPoint","urlTemplate":"https:\/\/www.gpprogetti.com\/en\/?s={search_term_string}"},"query-input":{"@type":"PropertyValueSpecification","valueRequired":true,"valueName":"search_term_string"}}],"inLanguage":"en-US"}]}},"acf":[],"_links":{"self":[{"href":"https:\/\/www.gpprogetti.com\/en\/wp-json\/wp\/v2\/pages\/3","targetHints":{"allow":["GET"]}}],"collection":[{"href":"https:\/\/www.gpprogetti.com\/en\/wp-json\/wp\/v2\/pages"}],"about":[{"href":"https:\/\/www.gpprogetti.com\/en\/wp-json\/wp\/v2\/types\/page"}],"author":[{"embeddable":true,"href":"https:\/\/www.gpprogetti.com\/en\/wp-json\/wp\/v2\/users\/1"}],"replies":[{"embeddable":true,"href":"https:\/\/www.gpprogetti.com\/en\/wp-json\/wp\/v2\/comments?post=3"}],"version-history":[{"count":7,"href":"https:\/\/www.gpprogetti.com\/en\/wp-json\/wp\/v2\/pages\/3\/revisions"}],"predecessor-version":[{"id":1022,"href":"https:\/\/www.gpprogetti.com\/en\/wp-json\/wp\/v2\/pages\/3\/revisions\/1022"}],"wp:attachment":[{"href":"https:\/\/www.gpprogetti.com\/en\/wp-json\/wp\/v2\/media?parent=3"}],"curies":[{"name":"wp","href":"https:\/\/api.w.org\/{rel}","templated":true}]}}